{"id":1876,"date":"2018-01-29T11:53:28","date_gmt":"2018-01-29T10:53:28","guid":{"rendered":"https:\/\/www.denhandwierker.lu\/sala-de-exposicoes\/"},"modified":"2024-11-09T13:37:05","modified_gmt":"2024-11-09T12:37:05","slug":"sala-de-exposicoes","status":"publish","type":"page","link":"https:\/\/www.denhandwierker.lu\/pt-pt\/sala-de-exposicoes\/","title":{"rendered":"Sala de exposi\u00e7\u00f5es"},"content":{"rendered":"[vc_row type=&#8221;in_container&#8221; full_screen_row_position=&#8221;middle&#8221; scene_position=&#8221;center&#8221; text_color=&#8221;dark&#8221; text_align=&#8221;left&#8221; top_padding=&#8221;80&#8243; overlay_strength=&#8221;0.3&#8243; shape_divider_position=&#8221;bottom&#8221; shape_type=&#8221;&#8221;][vc_column centered_text=&#8221;true&#8221; column_padding=&#8221;no-extra-padding&#8221; column_padding_position=&#8221;all&#8221; background_color_opacity=&#8221;1&#8243; background_hover_color_opacity=&#8221;1&#8243; column_shadow=&#8221;none&#8221; column_border_radius=&#8221;none&#8221; width=&#8221;1\/1&#8243; tablet_text_alignment=&#8221;default&#8221; phone_text_alignment=&#8221;default&#8221; column_border_width=&#8221;none&#8221; column_border_style=&#8221;solid&#8221;][vc_column_text]<span class=\"jaune chapeau\">Visita<\/span><\/p>\n<h2 class=\"jaune\">A nossa sala de exposi\u00e7\u00f5es<\/h2>\n[\/vc_column_text][vc_column_text]\n<p style=\"text-align: center;\">\ns\u00f3 por marca\u00e7\u00e3o Tel.: +352 27 32 52 18<\/p>\n[\/vc_column_text][\/vc_column][\/vc_row][vc_row type=&#8221;in_container&#8221; full_screen_row_position=&#8221;middle&#8221; scene_position=&#8221;center&#8221; text_color=&#8221;dark&#8221; text_align=&#8221;left&#8221; overlay_strength=&#8221;0.3&#8243; shape_divider_position=&#8221;bottom&#8221;][vc_column column_padding=&#8221;no-extra-padding&#8221; column_padding_position=&#8221;all&#8221; background_color_opacity=&#8221;1&#8243; background_hover_color_opacity=&#8221;1&#8243; column_shadow=&#8221;none&#8221; column_border_radius=&#8221;none&#8221; width=&#8221;1\/1&#8243; tablet_text_alignment=&#8221;default&#8221; phone_text_alignment=&#8221;default&#8221; column_border_width=&#8221;none&#8221; column_border_style=&#8221;solid&#8221;][vc_gallery type=&#8221;image_grid&#8221; images=&#8221;571,572,573,574,575,576,577,579,580,581,582,583,584,587,588,589,590,592,594,595,596,597,598,599,601,602,603,604,605,606,607,608,609,611,612,613,614,615&#8243; layout=&#8221;3&#8243; gallery_style=&#8221;3&#8243; load_in_animation=&#8221;none&#8221; img_size=&#8221;500&#215;400&#8243;][\/vc_column][\/vc_row]\n","protected":false},"excerpt":{"rendered":"<p>[vc_row type=&#8221;in_container&#8221; full_screen_row_position=&#8221;middle&#8221; scene_position=&#8221;center&#8221; text_color=&#8221;dark&#8221; text_align=&#8221;left&#8221; top_padding=&#8221;80&#8243; overlay_strength=&#8221;0.3&#8243; shape_divider_position=&#8221;bottom&#8221; shape_type=&#8221;&#8221;][vc_column centered_text=&#8221;true&#8221; column_padding=&#8221;no-extra-padding&#8221; column_padding_position=&#8221;all&#8221; background_color_opacity=&#8221;1&#8243; background_hover_color_opacity=&#8221;1&#8243; column_shadow=&#8221;none&#8221; column_border_radius=&#8221;none&#8221; width=&#8221;1\/1&#8243; tablet_text_alignment=&#8221;default&#8221; phone_text_alignment=&#8221;default&#8221; column_border_width=&#8221;none&#8221; column_border_style=&#8221;solid&#8221;][vc_column_text]Visita A nossa sala de exposi\u00e7\u00f5es [\/vc_column_text][vc_column_text] s\u00f3 por&#8230;<\/p>\n","protected":false},"author":8,"featured_media":0,"parent":0,"menu_order":59,"comment_status":"closed","ping_status":"closed","template":"","meta":{"footnotes":""},"class_list":["post-1876","page","type-page","status-publish"],"yoast_head":"<!-- This site is optimized with the Yoast SEO plugin v23.9 - https:\/\/yoast.com\/wordpress\/plugins\/seo\/ -->\n<title>Sala de exposi\u00e7\u00f5es - DEN MOBILEN HANDWIERKER<\/title>\n<meta name=\"robots\" content=\"index, follow, max-snippet:-1, max-image-preview:large, max-video-preview:-1\" \/>\n<link rel=\"canonical\" href=\"https:\/\/www.denhandwierker.lu\/pt-pt\/sala-de-exposicoes\/\" \/>\n<meta property=\"og:locale\" content=\"pt_PT\" \/>\n<meta property=\"og:type\" content=\"article\" \/>\n<meta property=\"og:title\" content=\"Sala de exposi\u00e7\u00f5es - DEN MOBILEN HANDWIERKER\" \/>\n<meta property=\"og:description\" content=\"[vc_row type=&#8221;in_container&#8221; full_screen_row_position=&#8221;middle&#8221; scene_position=&#8221;center&#8221; text_color=&#8221;dark&#8221; text_align=&#8221;left&#8221; top_padding=&#8221;80&#8243; overlay_strength=&#8221;0.3&#8243; shape_divider_position=&#8221;bottom&#8221; shape_type=&#8221;&#8221;][vc_column centered_text=&#8221;true&#8221; column_padding=&#8221;no-extra-padding&#8221; column_padding_position=&#8221;all&#8221; background_color_opacity=&#8221;1&#8243; background_hover_color_opacity=&#8221;1&#8243; column_shadow=&#8221;none&#8221; column_border_radius=&#8221;none&#8221; width=&#8221;1\/1&#8243; tablet_text_alignment=&#8221;default&#8221; phone_text_alignment=&#8221;default&#8221; column_border_width=&#8221;none&#8221; column_border_style=&#8221;solid&#8221;][vc_column_text]Visita A nossa sala de exposi\u00e7\u00f5es [\/vc_column_text][vc_column_text] s\u00f3 por...\" \/>\n<meta property=\"og:url\" content=\"https:\/\/www.denhandwierker.lu\/pt-pt\/sala-de-exposicoes\/\" \/>\n<meta property=\"og:site_name\" content=\"DEN MOBILEN HANDWIERKER\" \/>\n<meta property=\"article:modified_time\" content=\"2024-11-09T12:37:05+00:00\" \/>\n<meta name=\"twitter:card\" content=\"summary_large_image\" \/>\n<meta name=\"twitter:label1\" content=\"Tempo estimado de leitura\" \/>\n\t<meta name=\"twitter:data1\" content=\"1 minuto\" \/>\n<script type=\"application\/ld+json\" class=\"yoast-schema-graph\">{\"@context\":\"https:\/\/schema.org\",\"@graph\":[{\"@type\":\"WebPage\",\"@id\":\"https:\/\/www.denhandwierker.lu\/pt-pt\/sala-de-exposicoes\/\",\"url\":\"https:\/\/www.denhandwierker.lu\/pt-pt\/sala-de-exposicoes\/\",\"name\":\"Sala de exposi\u00e7\u00f5es - DEN MOBILEN HANDWIERKER\",\"isPartOf\":{\"@id\":\"https:\/\/www.denhandwierker.lu\/pt-pt\/#website\"},\"datePublished\":\"2018-01-29T10:53:28+00:00\",\"dateModified\":\"2024-11-09T12:37:05+00:00\",\"breadcrumb\":{\"@id\":\"https:\/\/www.denhandwierker.lu\/pt-pt\/sala-de-exposicoes\/#breadcrumb\"},\"inLanguage\":\"pt-PT\",\"potentialAction\":[{\"@type\":\"ReadAction\",\"target\":[\"https:\/\/www.denhandwierker.lu\/pt-pt\/sala-de-exposicoes\/\"]}]},{\"@type\":\"BreadcrumbList\",\"@id\":\"https:\/\/www.denhandwierker.lu\/pt-pt\/sala-de-exposicoes\/#breadcrumb\",\"itemListElement\":[{\"@type\":\"ListItem\",\"position\":1,\"name\":\"Accueil\",\"item\":\"https:\/\/www.denhandwierker.lu\/pt-pt\/o-teu-telemovel\/\"},{\"@type\":\"ListItem\",\"position\":2,\"name\":\"Sala de exposi\u00e7\u00f5es\"}]},{\"@type\":\"WebSite\",\"@id\":\"https:\/\/www.denhandwierker.lu\/pt-pt\/#website\",\"url\":\"https:\/\/www.denhandwierker.lu\/pt-pt\/\",\"name\":\"DEN MOBILEN HANDWIERKER\",\"description\":\"Tous travaux en menuiserie, serrurerie et construction m\u00e9tallique \u00e0 Kehlen\",\"potentialAction\":[{\"@type\":\"SearchAction\",\"target\":{\"@type\":\"EntryPoint\",\"urlTemplate\":\"https:\/\/www.denhandwierker.lu\/pt-pt\/?s={search_term_string}\"},\"query-input\":{\"@type\":\"PropertyValueSpecification\",\"valueRequired\":true,\"valueName\":\"search_term_string\"}}],\"inLanguage\":\"pt-PT\"}]}<\/script>\n<!-- \/ Yoast SEO plugin. -->","yoast_head_json":{"title":"Sala de exposi\u00e7\u00f5es - DEN MOBILEN HANDWIERKER","robots":{"index":"index","follow":"follow","max-snippet":"max-snippet:-1","max-image-preview":"max-image-preview:large","max-video-preview":"max-video-preview:-1"},"canonical":"https:\/\/www.denhandwierker.lu\/pt-pt\/sala-de-exposicoes\/","og_locale":"pt_PT","og_type":"article","og_title":"Sala de exposi\u00e7\u00f5es - DEN MOBILEN HANDWIERKER","og_description":"[vc_row type=&#8221;in_container&#8221; full_screen_row_position=&#8221;middle&#8221; scene_position=&#8221;center&#8221; text_color=&#8221;dark&#8221; text_align=&#8221;left&#8221; top_padding=&#8221;80&#8243; overlay_strength=&#8221;0.3&#8243; shape_divider_position=&#8221;bottom&#8221; shape_type=&#8221;&#8221;][vc_column centered_text=&#8221;true&#8221; column_padding=&#8221;no-extra-padding&#8221; column_padding_position=&#8221;all&#8221; background_color_opacity=&#8221;1&#8243; background_hover_color_opacity=&#8221;1&#8243; column_shadow=&#8221;none&#8221; column_border_radius=&#8221;none&#8221; width=&#8221;1\/1&#8243; tablet_text_alignment=&#8221;default&#8221; phone_text_alignment=&#8221;default&#8221; column_border_width=&#8221;none&#8221; column_border_style=&#8221;solid&#8221;][vc_column_text]Visita A nossa sala de exposi\u00e7\u00f5es [\/vc_column_text][vc_column_text] s\u00f3 por...","og_url":"https:\/\/www.denhandwierker.lu\/pt-pt\/sala-de-exposicoes\/","og_site_name":"DEN MOBILEN HANDWIERKER","article_modified_time":"2024-11-09T12:37:05+00:00","twitter_card":"summary_large_image","twitter_misc":{"Tempo estimado de leitura":"1 minuto"},"schema":{"@context":"https:\/\/schema.org","@graph":[{"@type":"WebPage","@id":"https:\/\/www.denhandwierker.lu\/pt-pt\/sala-de-exposicoes\/","url":"https:\/\/www.denhandwierker.lu\/pt-pt\/sala-de-exposicoes\/","name":"Sala de exposi\u00e7\u00f5es - DEN MOBILEN HANDWIERKER","isPartOf":{"@id":"https:\/\/www.denhandwierker.lu\/pt-pt\/#website"},"datePublished":"2018-01-29T10:53:28+00:00","dateModified":"2024-11-09T12:37:05+00:00","breadcrumb":{"@id":"https:\/\/www.denhandwierker.lu\/pt-pt\/sala-de-exposicoes\/#breadcrumb"},"inLanguage":"pt-PT","potentialAction":[{"@type":"ReadAction","target":["https:\/\/www.denhandwierker.lu\/pt-pt\/sala-de-exposicoes\/"]}]},{"@type":"BreadcrumbList","@id":"https:\/\/www.denhandwierker.lu\/pt-pt\/sala-de-exposicoes\/#breadcrumb","itemListElement":[{"@type":"ListItem","position":1,"name":"Accueil","item":"https:\/\/www.denhandwierker.lu\/pt-pt\/o-teu-telemovel\/"},{"@type":"ListItem","position":2,"name":"Sala de exposi\u00e7\u00f5es"}]},{"@type":"WebSite","@id":"https:\/\/www.denhandwierker.lu\/pt-pt\/#website","url":"https:\/\/www.denhandwierker.lu\/pt-pt\/","name":"DEN MOBILEN HANDWIERKER","description":"Tous travaux en menuiserie, serrurerie et construction m\u00e9tallique \u00e0 Kehlen","potentialAction":[{"@type":"SearchAction","target":{"@type":"EntryPoint","urlTemplate":"https:\/\/www.denhandwierker.lu\/pt-pt\/?s={search_term_string}"},"query-input":{"@type":"PropertyValueSpecification","valueRequired":true,"valueName":"search_term_string"}}],"inLanguage":"pt-PT"}]}},"_links":{"self":[{"href":"https:\/\/www.denhandwierker.lu\/pt-pt\/wp-json\/wp\/v2\/pages\/1876","targetHints":{"allow":["GET"]}}],"collection":[{"href":"https:\/\/www.denhandwierker.lu\/pt-pt\/wp-json\/wp\/v2\/pages"}],"about":[{"href":"https:\/\/www.denhandwierker.lu\/pt-pt\/wp-json\/wp\/v2\/types\/page"}],"author":[{"embeddable":true,"href":"https:\/\/www.denhandwierker.lu\/pt-pt\/wp-json\/wp\/v2\/users\/8"}],"replies":[{"embeddable":true,"href":"https:\/\/www.denhandwierker.lu\/pt-pt\/wp-json\/wp\/v2\/comments?post=1876"}],"version-history":[{"count":2,"href":"https:\/\/www.denhandwierker.lu\/pt-pt\/wp-json\/wp\/v2\/pages\/1876\/revisions"}],"predecessor-version":[{"id":1882,"href":"https:\/\/www.denhandwierker.lu\/pt-pt\/wp-json\/wp\/v2\/pages\/1876\/revisions\/1882"}],"wp:attachment":[{"href":"https:\/\/www.denhandwierker.lu\/pt-pt\/wp-json\/wp\/v2\/media?parent=1876"}],"curies":[{"name":"wp","href":"https:\/\/api.w.org\/{rel}","templated":true}]}}