{"id":1869,"date":"2018-01-29T11:52:52","date_gmt":"2018-01-29T10:52:52","guid":{"rendered":"https:\/\/www.denhandwierker.lu\/sobre-nos\/"},"modified":"2024-11-09T13:37:02","modified_gmt":"2024-11-09T12:37:02","slug":"sobre-nos","status":"publish","type":"page","link":"https:\/\/www.denhandwierker.lu\/pt-pt\/sobre-nos\/","title":{"rendered":"Sobre n\u00f3s"},"content":{"rendered":"[vc_row type=&#8221;in_container&#8221; full_screen_row_position=&#8221;middle&#8221; scene_position=&#8221;center&#8221; text_color=&#8221;dark&#8221; text_align=&#8221;left&#8221; top_padding=&#8221;80&#8243; bottom_padding=&#8221;80&#8243; overlay_strength=&#8221;0.3&#8243; shape_divider_position=&#8221;bottom&#8221; shape_type=&#8221;&#8221;][vc_column enable_animation=&#8221;true&#8221; animation=&#8221;fade-in-from-bottom&#8221; centered_text=&#8221;true&#8221; column_padding=&#8221;no-extra-padding&#8221; column_padding_position=&#8221;all&#8221; background_color_opacity=&#8221;1&#8243; background_hover_color_opacity=&#8221;1&#8243; column_shadow=&#8221;none&#8221; column_border_radius=&#8221;none&#8221; width=&#8221;1\/1&#8243; tablet_text_alignment=&#8221;default&#8221; phone_text_alignment=&#8221;default&#8221; column_border_width=&#8221;none&#8221; column_border_style=&#8221;solid&#8221; delay=&#8221;150&#8243;][vc_column_text max_width=&#8221;900&#8243;]<span class=\"rouge chapeau\">O teu trabalho manual<\/span><\/p>\n<h2 class=\"rouge\">SOBRE N\u00d3S<\/h2>\n<p>Eles conseguem fazer tudo! Kai e Kevin Urbing s\u00e3o muito parecidos, tanto na vida como no trabalho. Um \u00e9 marceneiro e carpinteiro, o outro \u00e9 especialista em serralharia e constru\u00e7\u00e3o met\u00e1lica. Juntos, colocaram as suas compet\u00eancias ao servi\u00e7o do artesanato de qualidade, fundando a sua empresa Den Mobile Handwierker em 2012. Inicialmente, deslocavam-se pelo pa\u00eds na sua pequena carrinha para efetuar todo o tipo de repara\u00e7\u00f5es. Com o passar dos anos, a empresa especializou-se em carpintaria, serralharia e constru\u00e7\u00e3o met\u00e1lica. Atualmente, mais de 15 pessoas trabalham num novo edif\u00edcio de 1500 m2 (constru\u00eddo por eles pr\u00f3prios) no parque empresarial de Kehlen, no Luxemburgo: 500 m2 s\u00e3o dedicados \u00e0 carpintaria, 450 m2 \u00e0 constru\u00e7\u00e3o met\u00e1lica e 200 m2 ao showroom. Os dois irm\u00e3os s\u00e3o t\u00e3o m\u00f3veis como sempre, pois dedicam-se \u00e0 manuten\u00e7\u00e3o residencial, efectuando todos os trabalhos necess\u00e1rios para manter em bom estado as \u00e1reas comuns de um edif\u00edcio. Com Kai e Kevin, as tuas surpresas nunca acabam: capazes de conceber e construir tudo, desenvolveram recentemente uma Grill-van que alugam. Assim, h\u00e1 algo para todos![\/vc_column_text][vc_row_inner column_margin=&#8221;default&#8221; text_align=&#8221;left&#8221;][vc_column_inner column_padding=&#8221;no-extra-padding&#8221; column_padding_position=&#8221;all&#8221; centered_text=&#8221;true&#8221; background_color_opacity=&#8221;1&#8243; background_hover_color_opacity=&#8221;1&#8243; column_shadow=&#8221;none&#8221; column_border_radius=&#8221;none&#8221; width=&#8221;1\/1&#8243; column_border_width=&#8221;none&#8221; column_border_style=&#8221;solid&#8221;][divider line_type=&#8221;No Line&#8221; custom_height=&#8221;30&#8243;][nectar_btn size=&#8221;large&#8221; button_style=&#8221;see-through-2&#8243; color_override=&#8221;#93c019&#8243; hover_color_override=&#8221;#93c019&#8243; hover_text_color_override=&#8221;#ffffff&#8221; icon_family=&#8221;none&#8221; url=&#8221;http:\/\/www.denhandwierker.lu\/contact\/&#8221; text=&#8221;CONTACTA-NOS&#8221; margin_top=&#8221;7%&#8221; margin_right=&#8221;7%&#8221; margin_bottom=&#8221;7%&#8221; margin_left=&#8221;7%&#8221;][nectar_btn size=&#8221;large&#8221; button_style=&#8221;see-through-2&#8243; color_override=&#8221;#f9b131&#8243; hover_color_override=&#8221;#f9b131&#8243; hover_text_color_override=&#8221;#ffffff&#8221; icon_family=&#8221;none&#8221; url=&#8221;http:\/\/www.denhandwierker.lu\/realisations\/&#8221; text=&#8221;AS NOSSAS REALIZA\u00c7\u00d5ES&#8221; margin_top=&#8221;7%&#8221; margin_right=&#8221;7%&#8221; margin_bottom=&#8221;7%&#8221; margin_left=&#8221;7%&#8221;][\/vc_column_inner][\/vc_row_inner][\/vc_column][\/vc_row][vc_row type=&#8221;in_container&#8221; full_screen_row_position=&#8221;middle&#8221; scene_position=&#8221;center&#8221; text_color=&#8221;dark&#8221; text_align=&#8221;left&#8221; overlay_strength=&#8221;0.3&#8243; shape_divider_position=&#8221;bottom&#8221;][vc_column column_padding=&#8221;no-extra-padding&#8221; column_padding_position=&#8221;all&#8221; background_color_opacity=&#8221;1&#8243; background_hover_color_opacity=&#8221;1&#8243; column_shadow=&#8221;none&#8221; column_border_radius=&#8221;none&#8221; width=&#8221;1\/1&#8243; tablet_text_alignment=&#8221;default&#8221; phone_text_alignment=&#8221;default&#8221; column_border_width=&#8221;none&#8221; column_border_style=&#8221;solid&#8221;][divider line_type=&#8221;No Line&#8221; custom_height=&#8221;100&#8243;][\/vc_column][\/vc_row]\n","protected":false},"excerpt":{"rendered":"<p>[vc_row type=&#8221;in_container&#8221; full_screen_row_position=&#8221;middle&#8221; scene_position=&#8221;center&#8221; text_color=&#8221;dark&#8221; text_align=&#8221;left&#8221; top_padding=&#8221;80&#8243; bottom_padding=&#8221;80&#8243; overlay_strength=&#8221;0.3&#8243; shape_divider_position=&#8221;bottom&#8221; shape_type=&#8221;&#8221;][vc_column enable_animation=&#8221;true&#8221; animation=&#8221;fade-in-from-bottom&#8221; centered_text=&#8221;true&#8221; column_padding=&#8221;no-extra-padding&#8221; column_padding_position=&#8221;all&#8221; background_color_opacity=&#8221;1&#8243; background_hover_color_opacity=&#8221;1&#8243; column_shadow=&#8221;none&#8221; column_border_radius=&#8221;none&#8221; width=&#8221;1\/1&#8243; tablet_text_alignment=&#8221;default&#8221; phone_text_alignment=&#8221;default&#8221; column_border_width=&#8221;none&#8221; column_border_style=&#8221;solid&#8221; delay=&#8221;150&#8243;][vc_column_text max_width=&#8221;900&#8243;]O teu trabalho manual&#8230;<\/p>\n","protected":false},"author":8,"featured_media":0,"parent":0,"menu_order":25,"comment_status":"closed","ping_status":"closed","template":"","meta":{"footnotes":""},"class_list":["post-1869","page","type-page","status-publish"],"yoast_head":"<!-- This site is optimized with the Yoast SEO plugin v23.9 - https:\/\/yoast.com\/wordpress\/plugins\/seo\/ -->\n<title>Sobre n\u00f3s - DEN MOBILEN HANDWIERKER<\/title>\n<meta name=\"robots\" content=\"index, follow, max-snippet:-1, max-image-preview:large, max-video-preview:-1\" \/>\n<link rel=\"canonical\" href=\"https:\/\/www.denhandwierker.lu\/pt-pt\/sobre-nos\/\" \/>\n<meta property=\"og:locale\" content=\"pt_PT\" \/>\n<meta property=\"og:type\" content=\"article\" \/>\n<meta property=\"og:title\" content=\"Sobre n\u00f3s - DEN MOBILEN HANDWIERKER\" \/>\n<meta property=\"og:description\" content=\"[vc_row type=&#8221;in_container&#8221; full_screen_row_position=&#8221;middle&#8221; scene_position=&#8221;center&#8221; text_color=&#8221;dark&#8221; text_align=&#8221;left&#8221; top_padding=&#8221;80&#8243; bottom_padding=&#8221;80&#8243; overlay_strength=&#8221;0.3&#8243; shape_divider_position=&#8221;bottom&#8221; shape_type=&#8221;&#8221;][vc_column enable_animation=&#8221;true&#8221; animation=&#8221;fade-in-from-bottom&#8221; centered_text=&#8221;true&#8221; column_padding=&#8221;no-extra-padding&#8221; column_padding_position=&#8221;all&#8221; background_color_opacity=&#8221;1&#8243; background_hover_color_opacity=&#8221;1&#8243; column_shadow=&#8221;none&#8221; column_border_radius=&#8221;none&#8221; width=&#8221;1\/1&#8243; tablet_text_alignment=&#8221;default&#8221; phone_text_alignment=&#8221;default&#8221; column_border_width=&#8221;none&#8221; column_border_style=&#8221;solid&#8221; delay=&#8221;150&#8243;][vc_column_text max_width=&#8221;900&#8243;]O teu trabalho manual...\" \/>\n<meta property=\"og:url\" content=\"https:\/\/www.denhandwierker.lu\/pt-pt\/sobre-nos\/\" \/>\n<meta property=\"og:site_name\" content=\"DEN MOBILEN HANDWIERKER\" \/>\n<meta property=\"article:modified_time\" content=\"2024-11-09T12:37:02+00:00\" \/>\n<meta name=\"twitter:card\" content=\"summary_large_image\" \/>\n<meta name=\"twitter:label1\" content=\"Tempo estimado de leitura\" \/>\n\t<meta name=\"twitter:data1\" content=\"2 minutos\" \/>\n<script type=\"application\/ld+json\" class=\"yoast-schema-graph\">{\"@context\":\"https:\/\/schema.org\",\"@graph\":[{\"@type\":\"WebPage\",\"@id\":\"https:\/\/www.denhandwierker.lu\/pt-pt\/sobre-nos\/\",\"url\":\"https:\/\/www.denhandwierker.lu\/pt-pt\/sobre-nos\/\",\"name\":\"Sobre n\u00f3s - DEN MOBILEN HANDWIERKER\",\"isPartOf\":{\"@id\":\"https:\/\/www.denhandwierker.lu\/pt-pt\/#website\"},\"datePublished\":\"2018-01-29T10:52:52+00:00\",\"dateModified\":\"2024-11-09T12:37:02+00:00\",\"breadcrumb\":{\"@id\":\"https:\/\/www.denhandwierker.lu\/pt-pt\/sobre-nos\/#breadcrumb\"},\"inLanguage\":\"pt-PT\",\"potentialAction\":[{\"@type\":\"ReadAction\",\"target\":[\"https:\/\/www.denhandwierker.lu\/pt-pt\/sobre-nos\/\"]}]},{\"@type\":\"BreadcrumbList\",\"@id\":\"https:\/\/www.denhandwierker.lu\/pt-pt\/sobre-nos\/#breadcrumb\",\"itemListElement\":[{\"@type\":\"ListItem\",\"position\":1,\"name\":\"Accueil\",\"item\":\"https:\/\/www.denhandwierker.lu\/pt-pt\/o-teu-telemovel\/\"},{\"@type\":\"ListItem\",\"position\":2,\"name\":\"Sobre n\u00f3s\"}]},{\"@type\":\"WebSite\",\"@id\":\"https:\/\/www.denhandwierker.lu\/pt-pt\/#website\",\"url\":\"https:\/\/www.denhandwierker.lu\/pt-pt\/\",\"name\":\"DEN MOBILEN HANDWIERKER\",\"description\":\"Tous travaux en menuiserie, serrurerie et construction m\u00e9tallique \u00e0 Kehlen\",\"potentialAction\":[{\"@type\":\"SearchAction\",\"target\":{\"@type\":\"EntryPoint\",\"urlTemplate\":\"https:\/\/www.denhandwierker.lu\/pt-pt\/?s={search_term_string}\"},\"query-input\":{\"@type\":\"PropertyValueSpecification\",\"valueRequired\":true,\"valueName\":\"search_term_string\"}}],\"inLanguage\":\"pt-PT\"}]}<\/script>\n<!-- \/ Yoast SEO plugin. -->","yoast_head_json":{"title":"Sobre n\u00f3s - DEN MOBILEN HANDWIERKER","robots":{"index":"index","follow":"follow","max-snippet":"max-snippet:-1","max-image-preview":"max-image-preview:large","max-video-preview":"max-video-preview:-1"},"canonical":"https:\/\/www.denhandwierker.lu\/pt-pt\/sobre-nos\/","og_locale":"pt_PT","og_type":"article","og_title":"Sobre n\u00f3s - DEN MOBILEN HANDWIERKER","og_description":"[vc_row type=&#8221;in_container&#8221; full_screen_row_position=&#8221;middle&#8221; scene_position=&#8221;center&#8221; text_color=&#8221;dark&#8221; text_align=&#8221;left&#8221; top_padding=&#8221;80&#8243; bottom_padding=&#8221;80&#8243; overlay_strength=&#8221;0.3&#8243; shape_divider_position=&#8221;bottom&#8221; shape_type=&#8221;&#8221;][vc_column enable_animation=&#8221;true&#8221; animation=&#8221;fade-in-from-bottom&#8221; centered_text=&#8221;true&#8221; column_padding=&#8221;no-extra-padding&#8221; column_padding_position=&#8221;all&#8221; background_color_opacity=&#8221;1&#8243; background_hover_color_opacity=&#8221;1&#8243; column_shadow=&#8221;none&#8221; column_border_radius=&#8221;none&#8221; width=&#8221;1\/1&#8243; tablet_text_alignment=&#8221;default&#8221; phone_text_alignment=&#8221;default&#8221; column_border_width=&#8221;none&#8221; column_border_style=&#8221;solid&#8221; delay=&#8221;150&#8243;][vc_column_text max_width=&#8221;900&#8243;]O teu trabalho manual...","og_url":"https:\/\/www.denhandwierker.lu\/pt-pt\/sobre-nos\/","og_site_name":"DEN MOBILEN HANDWIERKER","article_modified_time":"2024-11-09T12:37:02+00:00","twitter_card":"summary_large_image","twitter_misc":{"Tempo estimado de leitura":"2 minutos"},"schema":{"@context":"https:\/\/schema.org","@graph":[{"@type":"WebPage","@id":"https:\/\/www.denhandwierker.lu\/pt-pt\/sobre-nos\/","url":"https:\/\/www.denhandwierker.lu\/pt-pt\/sobre-nos\/","name":"Sobre n\u00f3s - DEN MOBILEN HANDWIERKER","isPartOf":{"@id":"https:\/\/www.denhandwierker.lu\/pt-pt\/#website"},"datePublished":"2018-01-29T10:52:52+00:00","dateModified":"2024-11-09T12:37:02+00:00","breadcrumb":{"@id":"https:\/\/www.denhandwierker.lu\/pt-pt\/sobre-nos\/#breadcrumb"},"inLanguage":"pt-PT","potentialAction":[{"@type":"ReadAction","target":["https:\/\/www.denhandwierker.lu\/pt-pt\/sobre-nos\/"]}]},{"@type":"BreadcrumbList","@id":"https:\/\/www.denhandwierker.lu\/pt-pt\/sobre-nos\/#breadcrumb","itemListElement":[{"@type":"ListItem","position":1,"name":"Accueil","item":"https:\/\/www.denhandwierker.lu\/pt-pt\/o-teu-telemovel\/"},{"@type":"ListItem","position":2,"name":"Sobre n\u00f3s"}]},{"@type":"WebSite","@id":"https:\/\/www.denhandwierker.lu\/pt-pt\/#website","url":"https:\/\/www.denhandwierker.lu\/pt-pt\/","name":"DEN MOBILEN HANDWIERKER","description":"Tous travaux en menuiserie, serrurerie et construction m\u00e9tallique \u00e0 Kehlen","potentialAction":[{"@type":"SearchAction","target":{"@type":"EntryPoint","urlTemplate":"https:\/\/www.denhandwierker.lu\/pt-pt\/?s={search_term_string}"},"query-input":{"@type":"PropertyValueSpecification","valueRequired":true,"valueName":"search_term_string"}}],"inLanguage":"pt-PT"}]}},"_links":{"self":[{"href":"https:\/\/www.denhandwierker.lu\/pt-pt\/wp-json\/wp\/v2\/pages\/1869","targetHints":{"allow":["GET"]}}],"collection":[{"href":"https:\/\/www.denhandwierker.lu\/pt-pt\/wp-json\/wp\/v2\/pages"}],"about":[{"href":"https:\/\/www.denhandwierker.lu\/pt-pt\/wp-json\/wp\/v2\/types\/page"}],"author":[{"embeddable":true,"href":"https:\/\/www.denhandwierker.lu\/pt-pt\/wp-json\/wp\/v2\/users\/8"}],"replies":[{"embeddable":true,"href":"https:\/\/www.denhandwierker.lu\/pt-pt\/wp-json\/wp\/v2\/comments?post=1869"}],"version-history":[{"count":2,"href":"https:\/\/www.denhandwierker.lu\/pt-pt\/wp-json\/wp\/v2\/pages\/1869\/revisions"}],"predecessor-version":[{"id":1872,"href":"https:\/\/www.denhandwierker.lu\/pt-pt\/wp-json\/wp\/v2\/pages\/1869\/revisions\/1872"}],"wp:attachment":[{"href":"https:\/\/www.denhandwierker.lu\/pt-pt\/wp-json\/wp\/v2\/media?parent=1869"}],"curies":[{"name":"wp","href":"https:\/\/api.w.org\/{rel}","templated":true}]}}