{"id":1863,"date":"2018-01-29T11:52:52","date_gmt":"2018-01-29T10:52:52","guid":{"rendered":"https:\/\/www.denhandwierker.lu\/ueber-uns\/"},"modified":"2024-11-09T13:37:00","modified_gmt":"2024-11-09T12:37:00","slug":"ueber-uns","status":"publish","type":"page","link":"https:\/\/www.denhandwierker.lu\/de\/ueber-uns\/","title":{"rendered":"\u00dcber uns"},"content":{"rendered":"[vc_row type=&#8220;in_container&#8220; full_screen_row_position=&#8220;middle&#8220; scene_position=&#8220;center&#8220; text_color=&#8220;dark&#8220; text_align=&#8220;left&#8220; top_padding=&#8220;80&#8243; bottom_padding=&#8220;80&#8243; overlay_strength=&#8220;0.3&#8243; shape_divider_position=&#8220;bottom&#8220; shape_type=&#8220;&#8220;][vc_column enable_animation=&#8220;true&#8220; animation=&#8220;fade-in-from-bottom&#8220; centered_text=&#8220;true&#8220; column_padding=&#8220;no-extra-padding&#8220; column_padding_position=&#8220;all&#8220; background_color_opacity=&#8220;1&#8243; background_hover_color_opacity=&#8220;1&#8243; column_shadow=&#8220;none&#8220; column_border_radius=&#8220;none&#8220; width=&#8220;1\/1&#8243; tablet_text_alignment=&#8220;default&#8220; phone_text_alignment=&#8220;default&#8220; column_border_width=&#8220;none&#8220; column_border_style=&#8220;solid&#8220; delay=&#8220;150&#8243;][vc_column_text max_width=&#8220;900&#8243;]<span class=\"rouge chapeau\">Den Handwierker<\/span><\/p>\n<h2 class=\"rouge\">A PROPOS<\/h2>\n<p>Sie k\u00f6nnen alles! Kai und Kevin Urbing sind sich \u00e4hnlich, sowohl im Leben als auch bei der Arbeit. Der eine ist Tischler und Schreiner, der andere Experte f\u00fcr Schlosserei und Metallbau. Zusammen haben sie ihre F\u00e4higkeiten in den Dienst des Qualit\u00e4tshandwerks gestellt, als sie 2012 ihr Unternehmen Den Mobile Handwierker gr\u00fcndeten. Urspr\u00fcnglich fuhren sie mit ihrem kleinen Lieferwagen durch das Land, um alle Arten von Reparaturen durchzuf\u00fchren. Im Laufe der Jahre hat sich das Unternehmen weiterentwickelt und sich auf Tischlerei, Schlosserei und Metallbau spezialisiert. Heute arbeiten mehr als 15 Personen in einem neuen Geb\u00e4ude von 1500 m2 (das sie selbst gebaut haben) im Gewerbegebiet Kehlen in Luxemburg: 500 m2 sind der Schreinerei gewidmet, 450 m2 dem Metallbau und 200 m2 dem Ausstellungsraum. Die beiden Br\u00fcder sind immer noch &#8222;mobil&#8220;, da sie in der Instandhaltung von Wohnanlagen t\u00e4tig sind, indem sie alle Arbeiten durchf\u00fchren, die f\u00fcr die Instandhaltung der Gemeinschaftsr\u00e4ume eines Geb\u00e4udes erforderlich sind. Kai und Kevin sind immer f\u00fcr \u00dcberraschungen gut, denn sie k\u00f6nnen alles entwerfen und bauen und haben vor kurzem einen Grillvan entwickelt, den sie vermieten. Liebhaber aufgepasst![\/vc_column_text][vc_row_inner column_margin=&#8220;default&#8220; text_align=&#8220;left&#8220;][vc_column_inner column_padding=&#8220;no-extra-padding&#8220; column_padding_position=&#8220;all&#8220; centered_text=&#8220;true&#8220; background_color_opacity=&#8220;1&#8243; background_hover_color_opacity=&#8220;1&#8243; column_shadow=&#8220;none&#8220; column_border_radius=&#8220;none&#8220; width=&#8220;1\/1&#8243; column_border_width=&#8220;none&#8220; column_border_style=&#8220;solid&#8220;][divider line_type=&#8220;No Line&#8220; custom_height=&#8220;30&#8243;][nectar_btn size=&#8220;large&#8220; button_style=&#8220;see-through-2&#8243; color_override=&#8220;#93c019&#8243; hover_color_override=&#8220;#93c019&#8243; hover_text_color_override=&#8220;#ffffff&#8220; icon_family=&#8220;none&#8220; url=&#8220;http:\/\/www.denhandwierker.lu\/contact\/&#8220; text=&#8220;KONTAKTIEREN SIE UNS&#8220; margin_top=&#8220;7%&#8220; margin_right=&#8220;7%&#8220; margin_bottom=&#8220;7%&#8220; margin_left=&#8220;7%&#8220;][nectar_btn size=&#8220;large&#8220; button_style=&#8220;see-through-2&#8243; color_override=&#8220;#f9b131&#8243; hover_color_override=&#8220;#f9b131&#8243; hover_text_color_override=&#8220;#ffffff&#8220; icon_family=&#8220;none&#8220; url=&#8220;http:\/\/www.denhandwierker.lu\/realisations\/&#8220; text=&#8220;UNSERE REALISIERUNGEN&#8220; margin_top=&#8220;7%&#8220; margin_right=&#8220;7%&#8220; margin_bottom=&#8220;7%&#8220; margin_left=&#8220;7%&#8220;][\/vc_column_inner][\/vc_row_inner][\/vc_column][\/vc_row][vc_row type=&#8220;in_container&#8220; full_screen_row_position=&#8220;middle&#8220; scene_position=&#8220;center&#8220; text_color=&#8220;dark&#8220; text_align=&#8220;left&#8220; overlay_strength=&#8220;0.3&#8243; shape_divider_position=&#8220;bottom&#8220;][vc_column column_padding=&#8220;no-extra-padding&#8220; column_padding_position=&#8220;all&#8220; background_color_opacity=&#8220;1&#8243; background_hover_color_opacity=&#8220;1&#8243; column_shadow=&#8220;none&#8220; column_border_radius=&#8220;none&#8220; width=&#8220;1\/1&#8243; tablet_text_alignment=&#8220;default&#8220; phone_text_alignment=&#8220;default&#8220; column_border_width=&#8220;none&#8220; column_border_style=&#8220;solid&#8220;][divider line_type=&#8220;No Line&#8220; custom_height=&#8220;100&#8243;][\/vc_column][\/vc_row]\n","protected":false},"excerpt":{"rendered":"<p>[vc_row type=&#8220;in_container&#8220; full_screen_row_position=&#8220;middle&#8220; scene_position=&#8220;center&#8220; text_color=&#8220;dark&#8220; text_align=&#8220;left&#8220; top_padding=&#8220;80&#8243; bottom_padding=&#8220;80&#8243; overlay_strength=&#8220;0.3&#8243; shape_divider_position=&#8220;bottom&#8220; shape_type=&#8220;&#8220;][vc_column enable_animation=&#8220;true&#8220; animation=&#8220;fade-in-from-bottom&#8220; centered_text=&#8220;true&#8220; column_padding=&#8220;no-extra-padding&#8220; column_padding_position=&#8220;all&#8220; background_color_opacity=&#8220;1&#8243; background_hover_color_opacity=&#8220;1&#8243; column_shadow=&#8220;none&#8220; column_border_radius=&#8220;none&#8220; width=&#8220;1\/1&#8243; tablet_text_alignment=&#8220;default&#8220; phone_text_alignment=&#8220;default&#8220; column_border_width=&#8220;none&#8220; column_border_style=&#8220;solid&#8220; delay=&#8220;150&#8243;][vc_column_text max_width=&#8220;900&#8243;]Den Handwierker A PROPOS&#8230;<\/p>\n","protected":false},"author":8,"featured_media":0,"parent":0,"menu_order":26,"comment_status":"closed","ping_status":"closed","template":"","meta":{"footnotes":""},"class_list":["post-1863","page","type-page","status-publish"],"yoast_head":"<!-- This site is optimized with the Yoast SEO plugin v23.9 - https:\/\/yoast.com\/wordpress\/plugins\/seo\/ -->\n<title>\u00dcber uns - DEN MOBILEN HANDWIERKER<\/title>\n<meta name=\"robots\" content=\"index, follow, max-snippet:-1, max-image-preview:large, max-video-preview:-1\" \/>\n<link rel=\"canonical\" href=\"https:\/\/www.denhandwierker.lu\/de\/ueber-uns\/\" \/>\n<meta property=\"og:locale\" content=\"de_DE\" \/>\n<meta property=\"og:type\" content=\"article\" \/>\n<meta property=\"og:title\" content=\"\u00dcber uns - DEN MOBILEN HANDWIERKER\" \/>\n<meta property=\"og:description\" content=\"[vc_row type=&#8220;in_container&#8220; full_screen_row_position=&#8220;middle&#8220; scene_position=&#8220;center&#8220; text_color=&#8220;dark&#8220; text_align=&#8220;left&#8220; top_padding=&#8220;80&#8243; bottom_padding=&#8220;80&#8243; overlay_strength=&#8220;0.3&#8243; shape_divider_position=&#8220;bottom&#8220; shape_type=&#8220;&#8220;][vc_column enable_animation=&#8220;true&#8220; animation=&#8220;fade-in-from-bottom&#8220; centered_text=&#8220;true&#8220; column_padding=&#8220;no-extra-padding&#8220; column_padding_position=&#8220;all&#8220; background_color_opacity=&#8220;1&#8243; background_hover_color_opacity=&#8220;1&#8243; column_shadow=&#8220;none&#8220; column_border_radius=&#8220;none&#8220; width=&#8220;1\/1&#8243; tablet_text_alignment=&#8220;default&#8220; phone_text_alignment=&#8220;default&#8220; column_border_width=&#8220;none&#8220; column_border_style=&#8220;solid&#8220; delay=&#8220;150&#8243;][vc_column_text max_width=&#8220;900&#8243;]Den Handwierker A PROPOS...\" \/>\n<meta property=\"og:url\" content=\"https:\/\/www.denhandwierker.lu\/de\/ueber-uns\/\" \/>\n<meta property=\"og:site_name\" content=\"DEN MOBILEN HANDWIERKER\" \/>\n<meta property=\"article:modified_time\" content=\"2024-11-09T12:37:00+00:00\" \/>\n<meta name=\"twitter:card\" content=\"summary_large_image\" \/>\n<meta name=\"twitter:label1\" content=\"Gesch\u00e4tzte Lesezeit\" \/>\n\t<meta name=\"twitter:data1\" content=\"3\u00a0Minuten\" \/>\n<script type=\"application\/ld+json\" class=\"yoast-schema-graph\">{\"@context\":\"https:\/\/schema.org\",\"@graph\":[{\"@type\":\"WebPage\",\"@id\":\"https:\/\/www.denhandwierker.lu\/de\/ueber-uns\/\",\"url\":\"https:\/\/www.denhandwierker.lu\/de\/ueber-uns\/\",\"name\":\"\u00dcber uns - DEN MOBILEN HANDWIERKER\",\"isPartOf\":{\"@id\":\"https:\/\/www.denhandwierker.lu\/de\/#website\"},\"datePublished\":\"2018-01-29T10:52:52+00:00\",\"dateModified\":\"2024-11-09T12:37:00+00:00\",\"breadcrumb\":{\"@id\":\"https:\/\/www.denhandwierker.lu\/de\/ueber-uns\/#breadcrumb\"},\"inLanguage\":\"de\",\"potentialAction\":[{\"@type\":\"ReadAction\",\"target\":[\"https:\/\/www.denhandwierker.lu\/de\/ueber-uns\/\"]}]},{\"@type\":\"BreadcrumbList\",\"@id\":\"https:\/\/www.denhandwierker.lu\/de\/ueber-uns\/#breadcrumb\",\"itemListElement\":[{\"@type\":\"ListItem\",\"position\":1,\"name\":\"Accueil\",\"item\":\"https:\/\/www.denhandwierker.lu\/de\/den-mobilen-handwierker\/\"},{\"@type\":\"ListItem\",\"position\":2,\"name\":\"\u00dcber uns\"}]},{\"@type\":\"WebSite\",\"@id\":\"https:\/\/www.denhandwierker.lu\/de\/#website\",\"url\":\"https:\/\/www.denhandwierker.lu\/de\/\",\"name\":\"DEN MOBILEN HANDWIERKER\",\"description\":\"Tous travaux en menuiserie, serrurerie et construction m\u00e9tallique \u00e0 Kehlen\",\"potentialAction\":[{\"@type\":\"SearchAction\",\"target\":{\"@type\":\"EntryPoint\",\"urlTemplate\":\"https:\/\/www.denhandwierker.lu\/de\/?s={search_term_string}\"},\"query-input\":{\"@type\":\"PropertyValueSpecification\",\"valueRequired\":true,\"valueName\":\"search_term_string\"}}],\"inLanguage\":\"de\"}]}<\/script>\n<!-- \/ Yoast SEO plugin. -->","yoast_head_json":{"title":"\u00dcber uns - DEN MOBILEN HANDWIERKER","robots":{"index":"index","follow":"follow","max-snippet":"max-snippet:-1","max-image-preview":"max-image-preview:large","max-video-preview":"max-video-preview:-1"},"canonical":"https:\/\/www.denhandwierker.lu\/de\/ueber-uns\/","og_locale":"de_DE","og_type":"article","og_title":"\u00dcber uns - DEN MOBILEN HANDWIERKER","og_description":"[vc_row type=&#8220;in_container&#8220; full_screen_row_position=&#8220;middle&#8220; scene_position=&#8220;center&#8220; text_color=&#8220;dark&#8220; text_align=&#8220;left&#8220; top_padding=&#8220;80&#8243; bottom_padding=&#8220;80&#8243; overlay_strength=&#8220;0.3&#8243; shape_divider_position=&#8220;bottom&#8220; shape_type=&#8220;&#8220;][vc_column enable_animation=&#8220;true&#8220; animation=&#8220;fade-in-from-bottom&#8220; centered_text=&#8220;true&#8220; column_padding=&#8220;no-extra-padding&#8220; column_padding_position=&#8220;all&#8220; background_color_opacity=&#8220;1&#8243; background_hover_color_opacity=&#8220;1&#8243; column_shadow=&#8220;none&#8220; column_border_radius=&#8220;none&#8220; width=&#8220;1\/1&#8243; tablet_text_alignment=&#8220;default&#8220; phone_text_alignment=&#8220;default&#8220; column_border_width=&#8220;none&#8220; column_border_style=&#8220;solid&#8220; delay=&#8220;150&#8243;][vc_column_text max_width=&#8220;900&#8243;]Den Handwierker A PROPOS...","og_url":"https:\/\/www.denhandwierker.lu\/de\/ueber-uns\/","og_site_name":"DEN MOBILEN HANDWIERKER","article_modified_time":"2024-11-09T12:37:00+00:00","twitter_card":"summary_large_image","twitter_misc":{"Gesch\u00e4tzte Lesezeit":"3\u00a0Minuten"},"schema":{"@context":"https:\/\/schema.org","@graph":[{"@type":"WebPage","@id":"https:\/\/www.denhandwierker.lu\/de\/ueber-uns\/","url":"https:\/\/www.denhandwierker.lu\/de\/ueber-uns\/","name":"\u00dcber uns - DEN MOBILEN HANDWIERKER","isPartOf":{"@id":"https:\/\/www.denhandwierker.lu\/de\/#website"},"datePublished":"2018-01-29T10:52:52+00:00","dateModified":"2024-11-09T12:37:00+00:00","breadcrumb":{"@id":"https:\/\/www.denhandwierker.lu\/de\/ueber-uns\/#breadcrumb"},"inLanguage":"de","potentialAction":[{"@type":"ReadAction","target":["https:\/\/www.denhandwierker.lu\/de\/ueber-uns\/"]}]},{"@type":"BreadcrumbList","@id":"https:\/\/www.denhandwierker.lu\/de\/ueber-uns\/#breadcrumb","itemListElement":[{"@type":"ListItem","position":1,"name":"Accueil","item":"https:\/\/www.denhandwierker.lu\/de\/den-mobilen-handwierker\/"},{"@type":"ListItem","position":2,"name":"\u00dcber uns"}]},{"@type":"WebSite","@id":"https:\/\/www.denhandwierker.lu\/de\/#website","url":"https:\/\/www.denhandwierker.lu\/de\/","name":"DEN MOBILEN HANDWIERKER","description":"Tous travaux en menuiserie, serrurerie et construction m\u00e9tallique \u00e0 Kehlen","potentialAction":[{"@type":"SearchAction","target":{"@type":"EntryPoint","urlTemplate":"https:\/\/www.denhandwierker.lu\/de\/?s={search_term_string}"},"query-input":{"@type":"PropertyValueSpecification","valueRequired":true,"valueName":"search_term_string"}}],"inLanguage":"de"}]}},"_links":{"self":[{"href":"https:\/\/www.denhandwierker.lu\/de\/wp-json\/wp\/v2\/pages\/1863","targetHints":{"allow":["GET"]}}],"collection":[{"href":"https:\/\/www.denhandwierker.lu\/de\/wp-json\/wp\/v2\/pages"}],"about":[{"href":"https:\/\/www.denhandwierker.lu\/de\/wp-json\/wp\/v2\/types\/page"}],"author":[{"embeddable":true,"href":"https:\/\/www.denhandwierker.lu\/de\/wp-json\/wp\/v2\/users\/8"}],"replies":[{"embeddable":true,"href":"https:\/\/www.denhandwierker.lu\/de\/wp-json\/wp\/v2\/comments?post=1863"}],"version-history":[{"count":3,"href":"https:\/\/www.denhandwierker.lu\/de\/wp-json\/wp\/v2\/pages\/1863\/revisions"}],"predecessor-version":[{"id":3240,"href":"https:\/\/www.denhandwierker.lu\/de\/wp-json\/wp\/v2\/pages\/1863\/revisions\/3240"}],"wp:attachment":[{"href":"https:\/\/www.denhandwierker.lu\/de\/wp-json\/wp\/v2\/media?parent=1863"}],"curies":[{"name":"wp","href":"https:\/\/api.w.org\/{rel}","templated":true}]}}